{"id":23,"date":"2017-12-03T21:18:35","date_gmt":"2017-12-03T19:18:35","guid":{"rendered":"http:\/\/www.yetkinler.com\/?page_id=23"},"modified":"2023-10-08T01:59:29","modified_gmt":"2023-10-07T22:59:29","slug":"bilgi-bankasi","status":"publish","type":"page","link":"http:\/\/www.yetkinler.com\/?page_id=23","title":{"rendered":"B\u0130LG\u0130 BANKASI"},"content":{"rendered":"\n<p>Sekt\u00f6r\u00fcm\u00fcz ile ilgili pek \u00e7ok kayna\u011fa ve g\u00fcncel habere buradan ula\u015fabileceksiniz.<\/p>\n\n\n\n<p>Orman Genel M\u00fcd\u00fcrl\u00fc\u011f\u00fc Web Sitesi :&nbsp; &nbsp;<a href=\"http:\/\/www.ogm.gov.tr\" target=\"_blank\" rel=\"noopener\"><strong><span style=\"color: #008000;\">www.ogm.gov.tr<\/span><\/strong><\/a><\/p>\n","protected":false},"excerpt":{"rendered":"<p>Sekt\u00f6r\u00fcm\u00fcz ile ilgili pek \u00e7ok kayna\u011fa ve g\u00fcncel habere buradan ula\u015fabileceksiniz. Orman Genel M\u00fcd\u00fcrl\u00fc\u011f\u00fc Web Sitesi :&nbsp; &nbsp;www.ogm.gov.tr <a class=\"continue-reading-link\" href=\"http:\/\/www.yetkinler.com\/?page_id=23\">Continue reading<\/a><\/p>\n","protected":false},"author":1,"featured_media":0,"parent":0,"menu_order":0,"comment_status":"closed","ping_status":"closed","template":"","meta":{"footnotes":""},"class_list":["post-23","page","type-page","status-publish","hentry"],"_links":{"self":[{"href":"http:\/\/www.yetkinler.com\/index.php?rest_route=\/wp\/v2\/pages\/23","targetHints":{"allow":["GET"]}}],"collection":[{"href":"http:\/\/www.yetkinler.com\/index.php?rest_route=\/wp\/v2\/pages"}],"about":[{"href":"http:\/\/www.yetkinler.com\/index.php?rest_route=\/wp\/v2\/types\/page"}],"author":[{"embeddable":true,"href":"http:\/\/www.yetkinler.com\/index.php?rest_route=\/wp\/v2\/users\/1"}],"replies":[{"embeddable":true,"href":"http:\/\/www.yetkinler.com\/index.php?rest_route=%2Fwp%2Fv2%2Fcomments&post=23"}],"version-history":[{"count":7,"href":"http:\/\/www.yetkinler.com\/index.php?rest_route=\/wp\/v2\/pages\/23\/revisions"}],"predecessor-version":[{"id":258,"href":"http:\/\/www.yetkinler.com\/index.php?rest_route=\/wp\/v2\/pages\/23\/revisions\/258"}],"wp:attachment":[{"href":"http:\/\/www.yetkinler.com\/index.php?rest_route=%2Fwp%2Fv2%2Fmedia&parent=23"}],"curies":[{"name":"wp","href":"https:\/\/api.w.org\/{rel}","templated":true}]}}