{"id":15,"date":"2017-12-03T21:09:00","date_gmt":"2017-12-03T19:09:00","guid":{"rendered":"http:\/\/www.yetkinler.com\/?page_id=15"},"modified":"2023-10-08T01:58:13","modified_gmt":"2023-10-07T22:58:13","slug":"urunlerimiz","status":"publish","type":"page","link":"http:\/\/www.yetkinler.com\/?page_id=15","title":{"rendered":"\u00dcR\u00dcNLER\u0130M\u0130Z"},"content":{"rendered":"\n<div class=\"wp-block-columns is-layout-flex wp-container-core-columns-is-layout-9d6595d7 wp-block-columns-is-layout-flex\">\n<div class=\"wp-block-column is-layout-flow wp-block-column-is-layout-flow\">\n<h2 class=\"wp-block-heading\">Kereste<\/h2>\n<\/div>\n\n\n\n<div class=\"wp-block-column is-layout-flow wp-block-column-is-layout-flow\">\n<h2 class=\"wp-block-heading\"><a href=\"https:\/\/www.yetkinler.com\/?page_id=105\">Plywood<\/a><\/h2>\n<\/div>\n\n\n\n<div class=\"wp-block-column is-layout-flow wp-block-column-is-layout-flow\">\n<h2 class=\"wp-block-heading\"><a href=\"https:\/\/www.yetkinler.com\/?page_id=107\">OSB<\/a><\/h2>\n<\/div>\n<\/div>\n\n\n\n<h2 class=\"wp-block-heading has-small-font-size\"><a href=\"https:\/\/www.yetkinler.com\/?page_id=96\" data-type=\"URL\" data-id=\"https:\/\/www.yetkinler.com\/?page_id=96\">\u0130n\u015faatl\u0131k ve Do\u011framal\u0131k Kereste<\/a><\/h2>\n\n\n\n<h2 class=\"wp-block-heading has-small-font-size\"><a href=\"https:\/\/www.yetkinler.com\/?page_id=99\">Lambri-D\u00f6\u015feme-Deck<\/a><\/h2>\n\n\n\n<h2 class=\"wp-block-heading has-small-font-size\"><a href=\"https:\/\/www.yetkinler.com\/?page_id=102\">Emprenyeli \u00dcr\u00fcnler<\/a><\/h2>\n\n\n\n<p><\/p>\n","protected":false},"excerpt":{"rendered":"<p>Kereste Plywood OSB \u0130n\u015faatl\u0131k ve Do\u011framal\u0131k Kereste Lambri-D\u00f6\u015feme-Deck Emprenyeli \u00dcr\u00fcnler <a class=\"continue-reading-link\" href=\"http:\/\/www.yetkinler.com\/?page_id=15\">Continue reading<\/a><\/p>\n","protected":false},"author":1,"featured_media":0,"parent":0,"menu_order":0,"comment_status":"closed","ping_status":"closed","template":"","meta":{"footnotes":""},"class_list":["post-15","page","type-page","status-publish","hentry"],"_links":{"self":[{"href":"http:\/\/www.yetkinler.com\/index.php?rest_route=\/wp\/v2\/pages\/15","targetHints":{"allow":["GET"]}}],"collection":[{"href":"http:\/\/www.yetkinler.com\/index.php?rest_route=\/wp\/v2\/pages"}],"about":[{"href":"http:\/\/www.yetkinler.com\/index.php?rest_route=\/wp\/v2\/types\/page"}],"author":[{"embeddable":true,"href":"http:\/\/www.yetkinler.com\/index.php?rest_route=\/wp\/v2\/users\/1"}],"replies":[{"embeddable":true,"href":"http:\/\/www.yetkinler.com\/index.php?rest_route=%2Fwp%2Fv2%2Fcomments&post=15"}],"version-history":[{"count":8,"href":"http:\/\/www.yetkinler.com\/index.php?rest_route=\/wp\/v2\/pages\/15\/revisions"}],"predecessor-version":[{"id":256,"href":"http:\/\/www.yetkinler.com\/index.php?rest_route=\/wp\/v2\/pages\/15\/revisions\/256"}],"wp:attachment":[{"href":"http:\/\/www.yetkinler.com\/index.php?rest_route=%2Fwp%2Fv2%2Fmedia&parent=15"}],"curies":[{"name":"wp","href":"https:\/\/api.w.org\/{rel}","templated":true}]}}